{"id":2389,"date":"2022-12-18T11:11:39","date_gmt":"2022-12-18T11:11:39","guid":{"rendered":"https:\/\/imantex.net\/?page_id=2389"},"modified":"2023-12-25T11:12:00","modified_gmt":"2023-12-25T11:12:00","slug":"public-universities","status":"publish","type":"page","link":"https:\/\/uniturk.net.tr\/tr\/public-universities\/","title":{"rendered":"public universities"},"content":{"rendered":"<div data-elementor-type=\"wp-page\" data-elementor-id=\"2389\" class=\"elementor elementor-2389\" data-elementor-post-type=\"page\">\n\t\t\t\t\t\t<section class=\"elementor-section elementor-top-section elementor-element elementor-element-62404aa elementor-section-boxed elementor-section-height-default elementor-section-height-default wpr-particle-no wpr-jarallax-no wpr-parallax-no wpr-sticky-section-no\" data-id=\"62404aa\" data-element_type=\"section\">\n\t\t\t\t\t\t<div class=\"elementor-container elementor-column-gap-default\">\n\t\t\t\t\t<div class=\"elementor-column elementor-col-100 elementor-top-column elementor-element elementor-element-24d76b5\" data-id=\"24d76b5\" data-element_type=\"column\">\n\t\t\t<div class=\"elementor-widget-wrap elementor-element-populated\">\n\t\t\t\t\t\t<div class=\"elementor-element elementor-element-568e5bc elementor-grid-2 elementor-posts--align-center elementor-grid-tablet-2 elementor-grid-mobile-1 elementor-posts--thumbnail-top elementor-posts--show-avatar elementor-card-shadow-yes elementor-posts__hover-gradient elementor-widget elementor-widget-posts\" data-id=\"568e5bc\" data-element_type=\"widget\" data-settings=\"{&quot;pagination_type&quot;:&quot;numbers&quot;,&quot;cards_columns&quot;:&quot;2&quot;,&quot;cards_row_gap&quot;:{&quot;unit&quot;:&quot;px&quot;,&quot;size&quot;:19,&quot;sizes&quot;:[]},&quot;cards_columns_tablet&quot;:&quot;2&quot;,&quot;cards_columns_mobile&quot;:&quot;1&quot;,&quot;cards_row_gap_tablet&quot;:{&quot;unit&quot;:&quot;px&quot;,&quot;size&quot;:&quot;&quot;,&quot;sizes&quot;:[]},&quot;cards_row_gap_mobile&quot;:{&quot;unit&quot;:&quot;px&quot;,&quot;size&quot;:&quot;&quot;,&quot;sizes&quot;:[]}}\" data-widget_type=\"posts.cards\">\n\t\t\t\t<div class=\"elementor-widget-container\">\n\t\t\t<link rel=\"stylesheet\" href=\"https:\/\/uniturk.net.tr\/wp-content\/plugins\/elementor-pro\/assets\/css\/widget-posts.min.css\">\t\t<div class=\"elementor-posts-container elementor-posts elementor-posts--skin-cards elementor-grid\">\n\t\t\t\t<article class=\"elementor-post elementor-grid-item post-14536 post type-post status-publish format-standard hentry category-34 category-tercihler-2023\">\n\t\t\t<div class=\"elementor-post__card\">\n\t\t\t\t<div class=\"elementor-post__text\">\n\t\t\t\t<h3 class=\"elementor-post__title\">\n\t\t\t<a href=\"https:\/\/uniturk.net.tr\/tr\/siirt-universitesi-copy\/\" >\n\t\t\t\tSiirt \u00dcniversitesi &#8211; Copy\t\t\t<\/a>\n\t\t<\/h3>\n\t\t\n\t\t<a class=\"elementor-post__read-more\" href=\"https:\/\/uniturk.net.tr\/tr\/siirt-universitesi-copy\/\" aria-label=\"Read more about Siirt \u00dcniversitesi &#8211; Copy\" tabindex=\"-1\" >\n\t\t\tBuraya T\u0131klay\u0131n\t\t<\/a>\n\n\t\t\t\t<\/div>\n\t\t\t\t\t<\/div>\n\t\t<\/article>\n\t\t\t\t<article class=\"elementor-post elementor-grid-item post-14176 post type-post status-publish format-standard hentry category-vakif\">\n\t\t\t<div class=\"elementor-post__card\">\n\t\t\t\t<div class=\"elementor-post__text\">\n\t\t\t\t<h3 class=\"elementor-post__title\">\n\t\t\t<a href=\"https:\/\/uniturk.net.tr\/tr\/lokman\/\" >\n\t\t\t\tLokman Hekim \u00dcniversitesi\t\t\t<\/a>\n\t\t<\/h3>\n\t\t\n\t\t<a class=\"elementor-post__read-more\" href=\"https:\/\/uniturk.net.tr\/tr\/lokman\/\" aria-label=\"Read more about Lokman Hekim \u00dcniversitesi\" tabindex=\"-1\" >\n\t\t\tBuraya T\u0131klay\u0131n\t\t<\/a>\n\n\t\t\t\t<\/div>\n\t\t\t\t\t<\/div>\n\t\t<\/article>\n\t\t\t\t<article class=\"elementor-post elementor-grid-item post-14129 post type-post status-publish format-standard hentry category-vakif\">\n\t\t\t<div class=\"elementor-post__card\">\n\t\t\t\t<div class=\"elementor-post__text\">\n\t\t\t\t<h3 class=\"elementor-post__title\">\n\t\t\t<a href=\"https:\/\/uniturk.net.tr\/tr\/gedik\/\" >\n\t\t\t\t\u0130stanbul Gedik \u00dcniversitesi\t\t\t<\/a>\n\t\t<\/h3>\n\t\t\n\t\t<a class=\"elementor-post__read-more\" href=\"https:\/\/uniturk.net.tr\/tr\/gedik\/\" aria-label=\"Read more about \u0130stanbul Gedik \u00dcniversitesi\" tabindex=\"-1\" >\n\t\t\tBuraya T\u0131klay\u0131n\t\t<\/a>\n\n\t\t\t\t<\/div>\n\t\t\t\t\t<\/div>\n\t\t<\/article>\n\t\t\t\t<article class=\"elementor-post elementor-grid-item post-14117 post type-post status-publish format-standard hentry category-vakif\">\n\t\t\t<div class=\"elementor-post__card\">\n\t\t\t\t<div class=\"elementor-post__text\">\n\t\t\t\t<h3 class=\"elementor-post__title\">\n\t\t\t<a href=\"https:\/\/uniturk.net.tr\/tr\/ostimteknik\/\" >\n\t\t\t\tOstim Teknik \u00dcniversitesi\t\t\t<\/a>\n\t\t<\/h3>\n\t\t\n\t\t<a class=\"elementor-post__read-more\" href=\"https:\/\/uniturk.net.tr\/tr\/ostimteknik\/\" aria-label=\"Read more about Ostim Teknik \u00dcniversitesi\" tabindex=\"-1\" >\n\t\t\tBuraya T\u0131klay\u0131n\t\t<\/a>\n\n\t\t\t\t<\/div>\n\t\t\t\t\t<\/div>\n\t\t<\/article>\n\t\t\t\t<article class=\"elementor-post elementor-grid-item post-12384 post type-post status-publish format-standard hentry category-34\">\n\t\t\t<div class=\"elementor-post__card\">\n\t\t\t\t<div class=\"elementor-post__text\">\n\t\t\t\t<h3 class=\"elementor-post__title\">\n\t\t\t<a href=\"https:\/\/uniturk.net.tr\/tr\/hakkari\/\" >\n\t\t\t\tHakkari \u00dcniversitesi\t\t\t<\/a>\n\t\t<\/h3>\n\t\t\n\t\t<a class=\"elementor-post__read-more\" href=\"https:\/\/uniturk.net.tr\/tr\/hakkari\/\" aria-label=\"Read more about Hakkari \u00dcniversitesi\" tabindex=\"-1\" >\n\t\t\tBuraya T\u0131klay\u0131n\t\t<\/a>\n\n\t\t\t\t<\/div>\n\t\t\t\t\t<\/div>\n\t\t<\/article>\n\t\t\t\t<article class=\"elementor-post elementor-grid-item post-12318 post type-post status-publish format-standard hentry category-34\">\n\t\t\t<div class=\"elementor-post__card\">\n\t\t\t\t<div class=\"elementor-post__text\">\n\t\t\t\t<h3 class=\"elementor-post__title\">\n\t\t\t<a href=\"https:\/\/uniturk.net.tr\/tr\/ahievran\/\" >\n\t\t\t\tK\u0131r\u015fehir Ahi Evran \u00dcniversitesi\t\t\t<\/a>\n\t\t<\/h3>\n\t\t\n\t\t<a class=\"elementor-post__read-more\" href=\"https:\/\/uniturk.net.tr\/tr\/ahievran\/\" aria-label=\"Read more about K\u0131r\u015fehir Ahi Evran \u00dcniversitesi\" tabindex=\"-1\" >\n\t\t\tBuraya T\u0131klay\u0131n\t\t<\/a>\n\n\t\t\t\t<\/div>\n\t\t\t\t\t<\/div>\n\t\t<\/article>\n\t\t\t\t<\/div>\n\t\t\n\t\t\t\t<div class=\"e-load-more-anchor\" data-page=\"1\" data-max-page=\"29\" data-next-page=\"https:\/\/uniturk.net.tr\/tr\/wp-json\/wp\/v2\/pages\/2389\/page\/2\/\"><\/div>\n\t\t\t\t<nav class=\"elementor-pagination\" aria-label=\"Pagination\">\n\t\t\t<span aria-current=\"page\" class=\"page-numbers current\"><span class=\"elementor-screen-only\">Page<\/span>1<\/span>\n<a class=\"page-numbers\" href=\"https:\/\/uniturk.net.tr\/tr\/wp-json\/wp\/v2\/pages\/2389\/page\/2\/\"><span class=\"elementor-screen-only\">Page<\/span>2<\/a>\n<a class=\"page-numbers\" href=\"https:\/\/uniturk.net.tr\/tr\/wp-json\/wp\/v2\/pages\/2389\/page\/3\/\"><span class=\"elementor-screen-only\">Page<\/span>3<\/a>\n<a class=\"page-numbers\" href=\"https:\/\/uniturk.net.tr\/tr\/wp-json\/wp\/v2\/pages\/2389\/page\/4\/\"><span class=\"elementor-screen-only\">Page<\/span>4<\/a>\n<a class=\"page-numbers\" href=\"https:\/\/uniturk.net.tr\/tr\/wp-json\/wp\/v2\/pages\/2389\/page\/5\/\"><span class=\"elementor-screen-only\">Page<\/span>5<\/a>\t\t<\/nav>\n\t\t\t\t<\/div>\n\t\t\t\t<\/div>\n\t\t\t\t\t<\/div>\n\t\t<\/div>\n\t\t\t\t\t<\/div>\n\t\t<\/section>\n\t\t\t\t<\/div>","protected":false},"excerpt":{"rendered":"","protected":false},"author":1,"featured_media":0,"parent":0,"menu_order":0,"comment_status":"closed","ping_status":"closed","template":"","meta":{"site-sidebar-layout":"no-sidebar","site-content-layout":"page-builder","ast-global-header-display":"","ast-main-header-display":"","ast-hfb-above-header-display":"","ast-hfb-below-header-display":"","ast-hfb-mobile-header-display":"","site-post-title":"disabled","ast-breadcrumbs-content":"","ast-featured-img":"disabled","footer-sml-layout":"","theme-transparent-header-meta":"","adv-header-id-meta":"","stick-header-meta":"","header-above-stick-meta":"","header-main-stick-meta":"","header-below-stick-meta":"","footnotes":""},"yoast_head":"<!-- This site is optimized with the Yoast SEO plugin v23.1 - https:\/\/yoast.com\/wordpress\/plugins\/seo\/ -->\n<title>public universities - Uniturk Education<\/title>\n<meta name=\"robots\" content=\"index, follow, max-snippet:-1, max-image-preview:large, max-video-preview:-1\" \/>\n<link rel=\"canonical\" href=\"https:\/\/uniturk.net.tr\/tr\/public-universities\/\" \/>\n<meta property=\"og:locale\" content=\"tr_TR\" \/>\n<meta property=\"og:type\" content=\"article\" \/>\n<meta property=\"og:title\" content=\"public universities - Uniturk Education\" \/>\n<meta property=\"og:url\" content=\"https:\/\/uniturk.net.tr\/tr\/public-universities\/\" \/>\n<meta property=\"og:site_name\" content=\"Uniturk Education\" \/>\n<meta property=\"article:publisher\" content=\"https:\/\/www.facebook.com\/uniturk.education\" \/>\n<meta property=\"article:modified_time\" content=\"2023-12-25T11:12:00+00:00\" \/>\n<meta name=\"twitter:card\" content=\"summary_large_image\" \/>\n<script type=\"application\/ld+json\" class=\"yoast-schema-graph\">{\"@context\":\"https:\/\/schema.org\",\"@graph\":[{\"@type\":\"WebPage\",\"@id\":\"https:\/\/uniturk.net.tr\/public-universities\/\",\"url\":\"https:\/\/uniturk.net.tr\/public-universities\/\",\"name\":\"public universities - Uniturk Education\",\"isPartOf\":{\"@id\":\"https:\/\/uniturk.net.tr\/#website\"},\"datePublished\":\"2022-12-18T11:11:39+00:00\",\"dateModified\":\"2023-12-25T11:12:00+00:00\",\"breadcrumb\":{\"@id\":\"https:\/\/uniturk.net.tr\/public-universities\/#breadcrumb\"},\"inLanguage\":\"tr\",\"potentialAction\":[{\"@type\":\"ReadAction\",\"target\":[\"https:\/\/uniturk.net.tr\/public-universities\/\"]}]},{\"@type\":\"BreadcrumbList\",\"@id\":\"https:\/\/uniturk.net.tr\/public-universities\/#breadcrumb\",\"itemListElement\":[{\"@type\":\"ListItem\",\"position\":1,\"name\":\"\u0627\u0644\u0631\u0626\u064a\u0633\u064a\u0629\",\"item\":\"https:\/\/uniturk.net.tr\/\"},{\"@type\":\"ListItem\",\"position\":2,\"name\":\"public universities\"}]},{\"@type\":\"WebSite\",\"@id\":\"https:\/\/uniturk.net.tr\/#website\",\"url\":\"https:\/\/uniturk.net.tr\/\",\"name\":\"Uniturk Education\",\"description\":\"\",\"publisher\":{\"@id\":\"https:\/\/uniturk.net.tr\/#organization\"},\"potentialAction\":[{\"@type\":\"SearchAction\",\"target\":{\"@type\":\"EntryPoint\",\"urlTemplate\":\"https:\/\/uniturk.net.tr\/?s={search_term_string}\"},\"query-input\":\"required name=search_term_string\"}],\"inLanguage\":\"tr\"},{\"@type\":\"Organization\",\"@id\":\"https:\/\/uniturk.net.tr\/#organization\",\"name\":\"Uniturk Education\",\"url\":\"https:\/\/uniturk.net.tr\/\",\"logo\":{\"@type\":\"ImageObject\",\"inLanguage\":\"tr\",\"@id\":\"https:\/\/uniturk.net.tr\/#\/schema\/logo\/image\/\",\"url\":\"https:\/\/uniturk.net.tr\/wp-content\/uploads\/2022\/12\/cropped-UNITURK.jpg\",\"contentUrl\":\"https:\/\/uniturk.net.tr\/wp-content\/uploads\/2022\/12\/cropped-UNITURK.jpg\",\"width\":830,\"height\":927,\"caption\":\"Uniturk Education\"},\"image\":{\"@id\":\"https:\/\/uniturk.net.tr\/#\/schema\/logo\/image\/\"},\"sameAs\":[\"https:\/\/www.facebook.com\/uniturk.education\",\"https:\/\/www.instagram.com\/uniturk_education\/\"]}]}<\/script>\n<!-- \/ Yoast SEO plugin. -->","yoast_head_json":{"title":"public universities - Uniturk Education","robots":{"index":"index","follow":"follow","max-snippet":"max-snippet:-1","max-image-preview":"max-image-preview:large","max-video-preview":"max-video-preview:-1"},"canonical":"https:\/\/uniturk.net.tr\/tr\/public-universities\/","og_locale":"tr_TR","og_type":"article","og_title":"public universities - Uniturk Education","og_url":"https:\/\/uniturk.net.tr\/tr\/public-universities\/","og_site_name":"Uniturk Education","article_publisher":"https:\/\/www.facebook.com\/uniturk.education","article_modified_time":"2023-12-25T11:12:00+00:00","twitter_card":"summary_large_image","schema":{"@context":"https:\/\/schema.org","@graph":[{"@type":"WebPage","@id":"https:\/\/uniturk.net.tr\/public-universities\/","url":"https:\/\/uniturk.net.tr\/public-universities\/","name":"public universities - Uniturk Education","isPartOf":{"@id":"https:\/\/uniturk.net.tr\/#website"},"datePublished":"2022-12-18T11:11:39+00:00","dateModified":"2023-12-25T11:12:00+00:00","breadcrumb":{"@id":"https:\/\/uniturk.net.tr\/public-universities\/#breadcrumb"},"inLanguage":"tr","potentialAction":[{"@type":"ReadAction","target":["https:\/\/uniturk.net.tr\/public-universities\/"]}]},{"@type":"BreadcrumbList","@id":"https:\/\/uniturk.net.tr\/public-universities\/#breadcrumb","itemListElement":[{"@type":"ListItem","position":1,"name":"\u0627\u0644\u0631\u0626\u064a\u0633\u064a\u0629","item":"https:\/\/uniturk.net.tr\/"},{"@type":"ListItem","position":2,"name":"public universities"}]},{"@type":"WebSite","@id":"https:\/\/uniturk.net.tr\/#website","url":"https:\/\/uniturk.net.tr\/","name":"Uniturk Education","description":"","publisher":{"@id":"https:\/\/uniturk.net.tr\/#organization"},"potentialAction":[{"@type":"SearchAction","target":{"@type":"EntryPoint","urlTemplate":"https:\/\/uniturk.net.tr\/?s={search_term_string}"},"query-input":"required name=search_term_string"}],"inLanguage":"tr"},{"@type":"Organization","@id":"https:\/\/uniturk.net.tr\/#organization","name":"Uniturk Education","url":"https:\/\/uniturk.net.tr\/","logo":{"@type":"ImageObject","inLanguage":"tr","@id":"https:\/\/uniturk.net.tr\/#\/schema\/logo\/image\/","url":"https:\/\/uniturk.net.tr\/wp-content\/uploads\/2022\/12\/cropped-UNITURK.jpg","contentUrl":"https:\/\/uniturk.net.tr\/wp-content\/uploads\/2022\/12\/cropped-UNITURK.jpg","width":830,"height":927,"caption":"Uniturk Education"},"image":{"@id":"https:\/\/uniturk.net.tr\/#\/schema\/logo\/image\/"},"sameAs":["https:\/\/www.facebook.com\/uniturk.education","https:\/\/www.instagram.com\/uniturk_education\/"]}]}},"_links":{"self":[{"href":"https:\/\/uniturk.net.tr\/tr\/wp-json\/wp\/v2\/pages\/2389"}],"collection":[{"href":"https:\/\/uniturk.net.tr\/tr\/wp-json\/wp\/v2\/pages"}],"about":[{"href":"https:\/\/uniturk.net.tr\/tr\/wp-json\/wp\/v2\/types\/page"}],"author":[{"embeddable":true,"href":"https:\/\/uniturk.net.tr\/tr\/wp-json\/wp\/v2\/users\/1"}],"replies":[{"embeddable":true,"href":"https:\/\/uniturk.net.tr\/tr\/wp-json\/wp\/v2\/comments?post=2389"}],"version-history":[{"count":3,"href":"https:\/\/uniturk.net.tr\/tr\/wp-json\/wp\/v2\/pages\/2389\/revisions"}],"predecessor-version":[{"id":8594,"href":"https:\/\/uniturk.net.tr\/tr\/wp-json\/wp\/v2\/pages\/2389\/revisions\/8594"}],"wp:attachment":[{"href":"https:\/\/uniturk.net.tr\/tr\/wp-json\/wp\/v2\/media?parent=2389"}],"curies":[{"name":"wp","href":"https:\/\/api.w.org\/{rel}","templated":true}]}}